{"id":4891,"date":"2023-08-25T11:20:21","date_gmt":"2023-08-25T09:20:21","guid":{"rendered":"https:\/\/www.valentina-philippa.com\/?post_type=product&#038;p=4891"},"modified":"2024-11-29T12:26:16","modified_gmt":"2024-11-29T11:26:16","slug":"conditioner-ta","status":"publish","type":"product","link":"https:\/\/www.valentina-philippa.com\/de\/shop\/body-care\/conditioner-ta\/","title":{"rendered":"Conditioner"},"content":{"rendered":"","protected":false},"excerpt":{"rendered":"<p>Kraftvoller Conditioner der entwickelt wurde, um trockenes und empfindliches Haar sanft zu pflegen, zu n\u00e4hren und ihm kraftvollen Glanz zu geben. Sp\u00fcren Sie die beruhigende Wirkung alpiner Kr\u00e4uter w\u00e4hrend das Shampoo dazu beitr\u00e4gt, den Zustand Ihres Haares zu verbessern. Revitalisiert und st\u00e4rkend.<\/p>\n","protected":false},"featured_media":4484,"template":"","meta":{"_seopress_robots_primary_cat":"none","_seopress_titles_title":"","_seopress_titles_desc":"","_seopress_robots_index":"","site-sidebar-layout":"default","site-content-layout":"default","ast-site-content-layout":"default","site-content-style":"default","site-sidebar-style":"default","ast-global-header-display":"","ast-banner-title-visibility":"","ast-main-header-display":"","ast-hfb-above-header-display":"","ast-hfb-below-header-display":"","ast-hfb-mobile-header-display":"","site-post-title":"","ast-breadcrumbs-content":"","ast-featured-img":"","footer-sml-layout":"","ast-disable-related-posts":"","theme-transparent-header-meta":"default","adv-header-id-meta":"","stick-header-meta":"default","header-above-stick-meta":"","header-main-stick-meta":"","header-below-stick-meta":"","astra-migrate-meta-layouts":"set","ast-page-background-enabled":"default","ast-page-background-meta":{"desktop":{"background-color":"","background-image":"","background-repeat":"repeat","background-position":"center center","background-size":"auto","background-attachment":"scroll","background-type":"","background-media":"","overlay-type":"","overlay-color":"","overlay-opacity":"","overlay-gradient":""},"tablet":{"background-color":"","background-image":"","background-repeat":"repeat","background-position":"center center","background-size":"auto","background-attachment":"scroll","background-type":"","background-media":"","overlay-type":"","overlay-color":"","overlay-opacity":"","overlay-gradient":""},"mobile":{"background-color":"","background-image":"","background-repeat":"repeat","background-position":"center center","background-size":"auto","background-attachment":"scroll","background-type":"","background-media":"","overlay-type":"","overlay-color":"","overlay-opacity":"","overlay-gradient":""}},"ast-content-background-meta":{"desktop":{"background-color":"var(--ast-global-color-5)","background-image":"","background-repeat":"repeat","background-position":"center center","background-size":"auto","background-attachment":"scroll","background-type":"","background-media":"","overlay-type":"","overlay-color":"","overlay-opacity":"","overlay-gradient":""},"tablet":{"background-color":"var(--ast-global-color-5)","background-image":"","background-repeat":"repeat","background-position":"center center","background-size":"auto","background-attachment":"scroll","background-type":"","background-media":"","overlay-type":"","overlay-color":"","overlay-opacity":"","overlay-gradient":""},"mobile":{"background-color":"var(--ast-global-color-5)","background-image":"","background-repeat":"repeat","background-position":"center center","background-size":"auto","background-attachment":"scroll","background-type":"","background-media":"","overlay-type":"","overlay-color":"","overlay-opacity":"","overlay-gradient":""}}},"product_brand":[],"product_cat":[40,202],"product_tag":[213,214,215],"wirkstoffe-duft":[201,203,204],"class_list":{"0":"post-4891","1":"product","2":"type-product","3":"status-publish","4":"has-post-thumbnail","6":"product_cat-body-care","7":"product_cat-koerper-haare","8":"product_tag-conditioner","9":"product_tag-haarpflege","10":"product_tag-haare","11":"pa_groesse-250-ml-spender","12":"pa_groesse-500-ml-spender","13":"pa_kollektion-true-alpine-herbs","14":"wirkstoffe-duft-lindenbluete","15":"wirkstoffe-duft-ringelblume","16":"wirkstoffe-duft-malve","17":"desktop-align-left","18":"tablet-align-left","19":"mobile-align-left","20":"ast-product-gallery-layout-vertical","21":"ast-product-gallery-with-no-image","22":"ast-product-single-variable","24":"first","25":"instock","26":"taxable","27":"shipping-taxable","28":"purchasable","29":"product-type-variable","30":"has-default-attributes"},"_links":{"self":[{"href":"https:\/\/www.valentina-philippa.com\/de\/wp-json\/wp\/v2\/product\/4891","targetHints":{"allow":["GET"]}}],"collection":[{"href":"https:\/\/www.valentina-philippa.com\/de\/wp-json\/wp\/v2\/product"}],"about":[{"href":"https:\/\/www.valentina-philippa.com\/de\/wp-json\/wp\/v2\/types\/product"}],"wp:featuredmedia":[{"embeddable":true,"href":"https:\/\/www.valentina-philippa.com\/de\/wp-json\/wp\/v2\/media\/4484"}],"wp:attachment":[{"href":"https:\/\/www.valentina-philippa.com\/de\/wp-json\/wp\/v2\/media?parent=4891"}],"wp:term":[{"taxonomy":"product_brand","embeddable":true,"href":"https:\/\/www.valentina-philippa.com\/de\/wp-json\/wp\/v2\/product_brand?post=4891"},{"taxonomy":"product_cat","embeddable":true,"href":"https:\/\/www.valentina-philippa.com\/de\/wp-json\/wp\/v2\/product_cat?post=4891"},{"taxonomy":"product_tag","embeddable":true,"href":"https:\/\/www.valentina-philippa.com\/de\/wp-json\/wp\/v2\/product_tag?post=4891"},{"taxonomy":"wirkstoffe-duft","embeddable":true,"href":"https:\/\/www.valentina-philippa.com\/de\/wp-json\/wp\/v2\/wirkstoffe-duft?post=4891"}],"curies":[{"name":"wp","href":"https:\/\/api.w.org\/{rel}","templated":true}]}}