{"id":3767,"date":"2023-04-06T12:46:02","date_gmt":"2023-04-06T10:46:02","guid":{"rendered":"https:\/\/www.valentina-philippa.com\/?post_type=product&#038;p=3767"},"modified":"2025-09-11T07:11:34","modified_gmt":"2025-09-11T05:11:34","slug":"refill-hand-sanitizer","status":"publish","type":"product","link":"https:\/\/www.valentina-philippa.com\/de\/shop\/nachfuellpackungen\/refill-hand-sanitizer\/","title":{"rendered":"Refill Hand Sanitizer"},"content":{"rendered":"","protected":false},"excerpt":{"rendered":"<p>Mit unserem Refill System k\u00f6nnen Sie ihre V&amp;P Lieblingsprodukte wiederverwenden und dabei die Umwelt schonen.<\/p>\n<p>H\u00e4nde desinfizieren &amp; uns und andere sch\u00fctzen. Wir gehen einen Schritt weiter, in dem unser HAND SANITIZER nicht nur zuverl\u00e4ssig von Keimen befreit, sondern auch Ihre beanspruchten H\u00e4nde pflegt. Das feuchtigkeitsspendende Litsea Cubeba \u00d6l zieht sofort ein und hinterl\u00e4sst ein pudrig-angenehmes Hautgef\u00fchl. Der erfrischende Duft belebt Haut und Sinne. Einfach den handcrafted Sanitizer auf die Handfl\u00e4che geben und ohne Wasser einmassieren.<\/p>\n","protected":false},"featured_media":4504,"template":"","meta":{"_seopress_robots_primary_cat":"none","_seopress_titles_title":"Refill Hand Sanitizer - Valentina & Philippa body and hair care","_seopress_titles_desc":"","_seopress_robots_index":"","_seopress_analysis_target_kw":"","site-sidebar-layout":"default","site-content-layout":"default","ast-site-content-layout":"default","site-content-style":"default","site-sidebar-style":"default","ast-global-header-display":"","ast-banner-title-visibility":"","ast-main-header-display":"","ast-hfb-above-header-display":"","ast-hfb-below-header-display":"","ast-hfb-mobile-header-display":"","site-post-title":"","ast-breadcrumbs-content":"","ast-featured-img":"","footer-sml-layout":"","ast-disable-related-posts":"","theme-transparent-header-meta":"default","adv-header-id-meta":"","stick-header-meta":"default","header-above-stick-meta":"","header-main-stick-meta":"","header-below-stick-meta":"","astra-migrate-meta-layouts":"set","ast-page-background-enabled":"default","ast-page-background-meta":{"desktop":{"background-color":"","background-image":"","background-repeat":"repeat","background-position":"center center","background-size":"auto","background-attachment":"scroll","background-type":"","background-media":"","overlay-type":"","overlay-color":"","overlay-opacity":"","overlay-gradient":""},"tablet":{"background-color":"","background-image":"","background-repeat":"repeat","background-position":"center center","background-size":"auto","background-attachment":"scroll","background-type":"","background-media":"","overlay-type":"","overlay-color":"","overlay-opacity":"","overlay-gradient":""},"mobile":{"background-color":"","background-image":"","background-repeat":"repeat","background-position":"center center","background-size":"auto","background-attachment":"scroll","background-type":"","background-media":"","overlay-type":"","overlay-color":"","overlay-opacity":"","overlay-gradient":""}},"ast-content-background-meta":{"desktop":{"background-color":"var(--ast-global-color-5)","background-image":"","background-repeat":"repeat","background-position":"center center","background-size":"auto","background-attachment":"scroll","background-type":"","background-media":"","overlay-type":"","overlay-color":"","overlay-opacity":"","overlay-gradient":""},"tablet":{"background-color":"var(--ast-global-color-5)","background-image":"","background-repeat":"repeat","background-position":"center center","background-size":"auto","background-attachment":"scroll","background-type":"","background-media":"","overlay-type":"","overlay-color":"","overlay-opacity":"","overlay-gradient":""},"mobile":{"background-color":"var(--ast-global-color-5)","background-image":"","background-repeat":"repeat","background-position":"center center","background-size":"auto","background-attachment":"scroll","background-type":"","background-media":"","overlay-type":"","overlay-color":"","overlay-opacity":"","overlay-gradient":""}}},"product_brand":[],"product_cat":[200,15],"product_tag":[243,244,41],"wirkstoffe-duft":[196],"class_list":{"0":"post-3767","1":"product","2":"type-product","3":"status-publish","4":"has-post-thumbnail","6":"product_cat-nachfuellpackungen","7":"product_cat-hand-sanitizer","8":"product_tag-nachfuellpackung","9":"product_tag-refill","10":"product_tag-desinfektion","11":"pa_groesse-500-ml","12":"wirkstoffe-duft-litsea-cubeba","13":"desktop-align-left","14":"tablet-align-left","15":"mobile-align-left","16":"ast-product-gallery-layout-vertical","17":"ast-product-gallery-with-no-image","19":"first","20":"instock","21":"taxable","22":"shipping-taxable","23":"purchasable","24":"product-type-simple"},"_links":{"self":[{"href":"https:\/\/www.valentina-philippa.com\/de\/wp-json\/wp\/v2\/product\/3767","targetHints":{"allow":["GET"]}}],"collection":[{"href":"https:\/\/www.valentina-philippa.com\/de\/wp-json\/wp\/v2\/product"}],"about":[{"href":"https:\/\/www.valentina-philippa.com\/de\/wp-json\/wp\/v2\/types\/product"}],"wp:featuredmedia":[{"embeddable":true,"href":"https:\/\/www.valentina-philippa.com\/de\/wp-json\/wp\/v2\/media\/4504"}],"wp:attachment":[{"href":"https:\/\/www.valentina-philippa.com\/de\/wp-json\/wp\/v2\/media?parent=3767"}],"wp:term":[{"taxonomy":"product_brand","embeddable":true,"href":"https:\/\/www.valentina-philippa.com\/de\/wp-json\/wp\/v2\/product_brand?post=3767"},{"taxonomy":"product_cat","embeddable":true,"href":"https:\/\/www.valentina-philippa.com\/de\/wp-json\/wp\/v2\/product_cat?post=3767"},{"taxonomy":"product_tag","embeddable":true,"href":"https:\/\/www.valentina-philippa.com\/de\/wp-json\/wp\/v2\/product_tag?post=3767"},{"taxonomy":"wirkstoffe-duft","embeddable":true,"href":"https:\/\/www.valentina-philippa.com\/de\/wp-json\/wp\/v2\/wirkstoffe-duft?post=3767"}],"curies":[{"name":"wp","href":"https:\/\/api.w.org\/{rel}","templated":true}]}}