{"id":3762,"date":"2023-04-06T12:40:29","date_gmt":"2023-04-06T10:40:29","guid":{"rendered":"https:\/\/www.valentina-philippa.com\/?post_type=product&#038;p=3762"},"modified":"2024-11-29T12:26:11","modified_gmt":"2024-11-29T11:26:11","slug":"refill-shower-hf","status":"publish","type":"product","link":"https:\/\/www.valentina-philippa.com\/de\/shop\/nachfuellpackungen\/refill-shower-hf\/","title":{"rendered":"Refill Shower"},"content":{"rendered":"","protected":false},"excerpt":{"rendered":"<p>Mit unserem Refill System k\u00f6nnen Sie ihre V&amp;P Lieblingsprodukte wiederverwenden und dabei die Umwelt schonen.<\/p>\n<p>Die Frische sp\u00fcren. Die Sanftheit f\u00fchlen. Den Duft von Kr\u00e4utern und frischer Litsea Cubeba genie\u00dfen. Das Valentina &amp; Philippe Duschgel ist speziell entwickelt, um trockene und empfindliche Haut sanft zu reinigen und ihr gleichzeitig N\u00e4hrstoffe und Feuchtigkeit zu spenden.<\/p>\n<p>Mit dem frischen Duft von Kr\u00e4utern und Litsea Cubeba. Von Frauen und M\u00e4nnern geliebt.<\/p>\n","protected":false},"featured_media":4470,"template":"","meta":{"_seopress_robots_primary_cat":"none","_seopress_titles_title":"Refill Shower - Valentina & Philippa body care","_seopress_titles_desc":"","_seopress_robots_index":"","site-sidebar-layout":"default","site-content-layout":"default","ast-site-content-layout":"default","site-content-style":"default","site-sidebar-style":"default","ast-global-header-display":"","ast-banner-title-visibility":"","ast-main-header-display":"","ast-hfb-above-header-display":"","ast-hfb-below-header-display":"","ast-hfb-mobile-header-display":"","site-post-title":"","ast-breadcrumbs-content":"","ast-featured-img":"","footer-sml-layout":"","ast-disable-related-posts":"","theme-transparent-header-meta":"default","adv-header-id-meta":"","stick-header-meta":"default","header-above-stick-meta":"","header-main-stick-meta":"","header-below-stick-meta":"","astra-migrate-meta-layouts":"set","ast-page-background-enabled":"default","ast-page-background-meta":{"desktop":{"background-color":"","background-image":"","background-repeat":"repeat","background-position":"center center","background-size":"auto","background-attachment":"scroll","background-type":"","background-media":"","overlay-type":"","overlay-color":"","overlay-opacity":"","overlay-gradient":""},"tablet":{"background-color":"","background-image":"","background-repeat":"repeat","background-position":"center center","background-size":"auto","background-attachment":"scroll","background-type":"","background-media":"","overlay-type":"","overlay-color":"","overlay-opacity":"","overlay-gradient":""},"mobile":{"background-color":"","background-image":"","background-repeat":"repeat","background-position":"center center","background-size":"auto","background-attachment":"scroll","background-type":"","background-media":"","overlay-type":"","overlay-color":"","overlay-opacity":"","overlay-gradient":""}},"ast-content-background-meta":{"desktop":{"background-color":"var(--ast-global-color-5)","background-image":"","background-repeat":"repeat","background-position":"center center","background-size":"auto","background-attachment":"scroll","background-type":"","background-media":"","overlay-type":"","overlay-color":"","overlay-opacity":"","overlay-gradient":""},"tablet":{"background-color":"var(--ast-global-color-5)","background-image":"","background-repeat":"repeat","background-position":"center center","background-size":"auto","background-attachment":"scroll","background-type":"","background-media":"","overlay-type":"","overlay-color":"","overlay-opacity":"","overlay-gradient":""},"mobile":{"background-color":"var(--ast-global-color-5)","background-image":"","background-repeat":"repeat","background-position":"center center","background-size":"auto","background-attachment":"scroll","background-type":"","background-media":"","overlay-type":"","overlay-color":"","overlay-opacity":"","overlay-gradient":""}}},"product_brand":[],"product_cat":[200],"product_tag":[233,243,244,231,232],"wirkstoffe-duft":[196,201],"class_list":{"0":"post-3762","1":"product","2":"type-product","3":"status-publish","4":"has-post-thumbnail","6":"product_cat-nachfuellpackungen","7":"product_tag-seife","8":"product_tag-nachfuellpackung","9":"product_tag-refill","10":"product_tag-duschgel","11":"product_tag-koerperpflege","12":"pa_groesse-500-ml","13":"pa_kollektion-herbs-flowers","14":"wirkstoffe-duft-litsea-cubeba","15":"wirkstoffe-duft-lindenbluete","16":"desktop-align-left","17":"tablet-align-left","18":"mobile-align-left","19":"ast-product-gallery-layout-vertical","20":"ast-product-gallery-with-no-image","22":"first","23":"instock","24":"taxable","25":"shipping-taxable","26":"purchasable","27":"product-type-simple"},"_links":{"self":[{"href":"https:\/\/www.valentina-philippa.com\/de\/wp-json\/wp\/v2\/product\/3762","targetHints":{"allow":["GET"]}}],"collection":[{"href":"https:\/\/www.valentina-philippa.com\/de\/wp-json\/wp\/v2\/product"}],"about":[{"href":"https:\/\/www.valentina-philippa.com\/de\/wp-json\/wp\/v2\/types\/product"}],"wp:featuredmedia":[{"embeddable":true,"href":"https:\/\/www.valentina-philippa.com\/de\/wp-json\/wp\/v2\/media\/4470"}],"wp:attachment":[{"href":"https:\/\/www.valentina-philippa.com\/de\/wp-json\/wp\/v2\/media?parent=3762"}],"wp:term":[{"taxonomy":"product_brand","embeddable":true,"href":"https:\/\/www.valentina-philippa.com\/de\/wp-json\/wp\/v2\/product_brand?post=3762"},{"taxonomy":"product_cat","embeddable":true,"href":"https:\/\/www.valentina-philippa.com\/de\/wp-json\/wp\/v2\/product_cat?post=3762"},{"taxonomy":"product_tag","embeddable":true,"href":"https:\/\/www.valentina-philippa.com\/de\/wp-json\/wp\/v2\/product_tag?post=3762"},{"taxonomy":"wirkstoffe-duft","embeddable":true,"href":"https:\/\/www.valentina-philippa.com\/de\/wp-json\/wp\/v2\/wirkstoffe-duft?post=3762"}],"curies":[{"name":"wp","href":"https:\/\/api.w.org\/{rel}","templated":true}]}}