{"id":3752,"date":"2023-04-06T11:56:46","date_gmt":"2023-04-06T09:56:46","guid":{"rendered":"https:\/\/www.valentina-philippa.com\/?post_type=product&#038;p=3752"},"modified":"2024-11-29T12:26:10","modified_gmt":"2024-11-29T11:26:10","slug":"refill-lotion-hf","status":"publish","type":"product","link":"https:\/\/www.valentina-philippa.com\/de\/shop\/nachfuellpackungen\/refill-lotion-hf\/","title":{"rendered":"Refill Lotion"},"content":{"rendered":"","protected":false},"excerpt":{"rendered":"<p>Mit unserem Refill System k\u00f6nnen Sie ihre V&amp;P Lieblingsprodukte wiederverwenden und dabei die Umwelt schonen.<\/p>\n<p>Unsere Lotion ist der Liebling unserer Kunden, dank ihrer leichten Textur und dem schnellen Einziehen.<\/p>\n<p>Die Lotion beruhigt, pflegt und spendet Feuchtigkeit. Die Haut f\u00fchlt sich samtweich an, gesch\u00fctzt und gest\u00e4rkt. Der nat\u00fcrliche Kr\u00e4uterduft mit einem Hauch von Litsea Cubeba verbreitet gute Laune. Speziell f\u00fcr K\u00f6rper und Handpflege entwickelt.<\/p>\n","protected":false},"featured_media":4468,"template":"","meta":{"_seopress_robots_primary_cat":"none","_seopress_titles_title":"Refill Lotion - Valentina & Philippa body care","_seopress_titles_desc":"","_seopress_robots_index":"","site-sidebar-layout":"default","site-content-layout":"default","ast-site-content-layout":"default","site-content-style":"default","site-sidebar-style":"default","ast-global-header-display":"","ast-banner-title-visibility":"","ast-main-header-display":"","ast-hfb-above-header-display":"","ast-hfb-below-header-display":"","ast-hfb-mobile-header-display":"","site-post-title":"","ast-breadcrumbs-content":"","ast-featured-img":"","footer-sml-layout":"","ast-disable-related-posts":"","theme-transparent-header-meta":"default","adv-header-id-meta":"","stick-header-meta":"default","header-above-stick-meta":"","header-main-stick-meta":"","header-below-stick-meta":"","astra-migrate-meta-layouts":"set","ast-page-background-enabled":"default","ast-page-background-meta":{"desktop":{"background-color":"","background-image":"","background-repeat":"repeat","background-position":"center center","background-size":"auto","background-attachment":"scroll","background-type":"","background-media":"","overlay-type":"","overlay-color":"","overlay-opacity":"","overlay-gradient":""},"tablet":{"background-color":"","background-image":"","background-repeat":"repeat","background-position":"center center","background-size":"auto","background-attachment":"scroll","background-type":"","background-media":"","overlay-type":"","overlay-color":"","overlay-opacity":"","overlay-gradient":""},"mobile":{"background-color":"","background-image":"","background-repeat":"repeat","background-position":"center center","background-size":"auto","background-attachment":"scroll","background-type":"","background-media":"","overlay-type":"","overlay-color":"","overlay-opacity":"","overlay-gradient":""}},"ast-content-background-meta":{"desktop":{"background-color":"var(--ast-global-color-5)","background-image":"","background-repeat":"repeat","background-position":"center center","background-size":"auto","background-attachment":"scroll","background-type":"","background-media":"","overlay-type":"","overlay-color":"","overlay-opacity":"","overlay-gradient":""},"tablet":{"background-color":"var(--ast-global-color-5)","background-image":"","background-repeat":"repeat","background-position":"center center","background-size":"auto","background-attachment":"scroll","background-type":"","background-media":"","overlay-type":"","overlay-color":"","overlay-opacity":"","overlay-gradient":""},"mobile":{"background-color":"var(--ast-global-color-5)","background-image":"","background-repeat":"repeat","background-position":"center center","background-size":"auto","background-attachment":"scroll","background-type":"","background-media":"","overlay-type":"","overlay-color":"","overlay-opacity":"","overlay-gradient":""}}},"product_brand":[],"product_cat":[200],"product_tag":[225,36,226,243,244],"wirkstoffe-duft":[196,201],"class_list":{"0":"post-3752","1":"product","2":"type-product","3":"status-publish","4":"has-post-thumbnail","6":"product_cat-nachfuellpackungen","7":"product_tag-koerperlotion","8":"product_tag-lotion","9":"product_tag-handcreme","10":"product_tag-nachfuellpackung","11":"product_tag-refill","12":"pa_groesse-500-ml","13":"pa_kollektion-herbs-flowers","14":"wirkstoffe-duft-litsea-cubeba","15":"wirkstoffe-duft-lindenbluete","16":"desktop-align-left","17":"tablet-align-left","18":"mobile-align-left","19":"ast-product-gallery-layout-vertical","20":"ast-product-gallery-with-no-image","22":"first","23":"instock","24":"taxable","25":"shipping-taxable","26":"purchasable","27":"product-type-simple"},"_links":{"self":[{"href":"https:\/\/www.valentina-philippa.com\/de\/wp-json\/wp\/v2\/product\/3752","targetHints":{"allow":["GET"]}}],"collection":[{"href":"https:\/\/www.valentina-philippa.com\/de\/wp-json\/wp\/v2\/product"}],"about":[{"href":"https:\/\/www.valentina-philippa.com\/de\/wp-json\/wp\/v2\/types\/product"}],"wp:featuredmedia":[{"embeddable":true,"href":"https:\/\/www.valentina-philippa.com\/de\/wp-json\/wp\/v2\/media\/4468"}],"wp:attachment":[{"href":"https:\/\/www.valentina-philippa.com\/de\/wp-json\/wp\/v2\/media?parent=3752"}],"wp:term":[{"taxonomy":"product_brand","embeddable":true,"href":"https:\/\/www.valentina-philippa.com\/de\/wp-json\/wp\/v2\/product_brand?post=3752"},{"taxonomy":"product_cat","embeddable":true,"href":"https:\/\/www.valentina-philippa.com\/de\/wp-json\/wp\/v2\/product_cat?post=3752"},{"taxonomy":"product_tag","embeddable":true,"href":"https:\/\/www.valentina-philippa.com\/de\/wp-json\/wp\/v2\/product_tag?post=3752"},{"taxonomy":"wirkstoffe-duft","embeddable":true,"href":"https:\/\/www.valentina-philippa.com\/de\/wp-json\/wp\/v2\/wirkstoffe-duft?post=3752"}],"curies":[{"name":"wp","href":"https:\/\/api.w.org\/{rel}","templated":true}]}}