{"id":2677,"date":"2022-09-02T09:05:12","date_gmt":"2022-09-02T07:05:12","guid":{"rendered":"https:\/\/www.valentina-philippa.com\/?post_type=product&#038;p=2677"},"modified":"2024-11-29T12:26:35","modified_gmt":"2024-11-29T11:26:35","slug":"ambient-spray","status":"publish","type":"product","link":"https:\/\/www.valentina-philippa.com\/de\/shop\/raumduefte-und-wohlfuehlprodukte\/ambient-spray\/","title":{"rendered":"Ambient Spray"},"content":{"rendered":"","protected":false},"excerpt":{"rendered":"<p>Unser nat\u00fcrlicher Raumduft Spray aus feinsten Aromen, nat\u00fcrlichen Essenzen und dem \u00d6l der Litsea Cubea sorgt f\u00fcr Wohlbefinden und Harmonie. Die frische Duftmischung wirkt belebend und reinigend und sorgt f\u00fcr einen klaren Geist. Happiness, Harmony &amp; Balance f\u00fcr Zuhause. Zum Spr\u00fchen aus dem Glasfl\u00e4schchen oder recyceltem PCR-Fl\u00e4schchen.<\/p>\n","protected":false},"featured_media":2679,"template":"","meta":{"_seopress_robots_primary_cat":"none","_seopress_titles_title":"","_seopress_titles_desc":"","_seopress_robots_index":"","_seopress_analysis_target_kw":"","site-sidebar-layout":"default","site-content-layout":"default","ast-site-content-layout":"default","site-content-style":"default","site-sidebar-style":"default","ast-global-header-display":"","ast-banner-title-visibility":"","ast-main-header-display":"","ast-hfb-above-header-display":"","ast-hfb-below-header-display":"","ast-hfb-mobile-header-display":"","site-post-title":"","ast-breadcrumbs-content":"","ast-featured-img":"","footer-sml-layout":"","ast-disable-related-posts":"","theme-transparent-header-meta":"default","adv-header-id-meta":"","stick-header-meta":"default","header-above-stick-meta":"","header-main-stick-meta":"","header-below-stick-meta":"","astra-migrate-meta-layouts":"set","ast-page-background-enabled":"default","ast-page-background-meta":{"desktop":{"background-color":"","background-image":"","background-repeat":"repeat","background-position":"center center","background-size":"auto","background-attachment":"scroll","background-type":"","background-media":"","overlay-type":"","overlay-color":"","overlay-opacity":"","overlay-gradient":""},"tablet":{"background-color":"","background-image":"","background-repeat":"repeat","background-position":"center center","background-size":"auto","background-attachment":"scroll","background-type":"","background-media":"","overlay-type":"","overlay-color":"","overlay-opacity":"","overlay-gradient":""},"mobile":{"background-color":"","background-image":"","background-repeat":"repeat","background-position":"center center","background-size":"auto","background-attachment":"scroll","background-type":"","background-media":"","overlay-type":"","overlay-color":"","overlay-opacity":"","overlay-gradient":""}},"ast-content-background-meta":{"desktop":{"background-color":"var(--ast-global-color-5)","background-image":"","background-repeat":"repeat","background-position":"center center","background-size":"auto","background-attachment":"scroll","background-type":"","background-media":"","overlay-type":"","overlay-color":"","overlay-opacity":"","overlay-gradient":""},"tablet":{"background-color":"var(--ast-global-color-5)","background-image":"","background-repeat":"repeat","background-position":"center center","background-size":"auto","background-attachment":"scroll","background-type":"","background-media":"","overlay-type":"","overlay-color":"","overlay-opacity":"","overlay-gradient":""},"mobile":{"background-color":"var(--ast-global-color-5)","background-image":"","background-repeat":"repeat","background-position":"center center","background-size":"auto","background-attachment":"scroll","background-type":"","background-media":"","overlay-type":"","overlay-color":"","overlay-opacity":"","overlay-gradient":""}}},"product_brand":[],"product_cat":[194],"product_tag":[198,199],"wirkstoffe-duft":[196],"class_list":{"0":"post-2677","1":"product","2":"type-product","3":"status-publish","4":"has-post-thumbnail","6":"product_cat-raumduefte-und-wohlfuehlprodukte","7":"product_tag-raumduft","8":"product_tag-duft","9":"pa_groesse-50-ml-glasflasche","10":"pa_groesse-100-ml-pcr-flasche","11":"pa_kollektion-happiness-harmony","12":"wirkstoffe-duft-litsea-cubeba","13":"desktop-align-left","14":"tablet-align-left","15":"mobile-align-left","16":"ast-product-gallery-layout-vertical","17":"ast-product-gallery-with-no-image","18":"ast-product-single-variable","20":"first","21":"instock","22":"taxable","23":"shipping-taxable","24":"purchasable","25":"product-type-variable","26":"has-default-attributes"},"_links":{"self":[{"href":"https:\/\/www.valentina-philippa.com\/de\/wp-json\/wp\/v2\/product\/2677","targetHints":{"allow":["GET"]}}],"collection":[{"href":"https:\/\/www.valentina-philippa.com\/de\/wp-json\/wp\/v2\/product"}],"about":[{"href":"https:\/\/www.valentina-philippa.com\/de\/wp-json\/wp\/v2\/types\/product"}],"wp:featuredmedia":[{"embeddable":true,"href":"https:\/\/www.valentina-philippa.com\/de\/wp-json\/wp\/v2\/media\/2679"}],"wp:attachment":[{"href":"https:\/\/www.valentina-philippa.com\/de\/wp-json\/wp\/v2\/media?parent=2677"}],"wp:term":[{"taxonomy":"product_brand","embeddable":true,"href":"https:\/\/www.valentina-philippa.com\/de\/wp-json\/wp\/v2\/product_brand?post=2677"},{"taxonomy":"product_cat","embeddable":true,"href":"https:\/\/www.valentina-philippa.com\/de\/wp-json\/wp\/v2\/product_cat?post=2677"},{"taxonomy":"product_tag","embeddable":true,"href":"https:\/\/www.valentina-philippa.com\/de\/wp-json\/wp\/v2\/product_tag?post=2677"},{"taxonomy":"wirkstoffe-duft","embeddable":true,"href":"https:\/\/www.valentina-philippa.com\/de\/wp-json\/wp\/v2\/wirkstoffe-duft?post=2677"}],"curies":[{"name":"wp","href":"https:\/\/api.w.org\/{rel}","templated":true}]}}