{"id":15,"date":"2021-07-02T07:35:31","date_gmt":"2021-07-02T07:35:31","guid":{"rendered":"https:\/\/www.valentina-philippa.com\/agb\/"},"modified":"2021-11-08T12:16:27","modified_gmt":"2021-11-08T12:16:27","slug":"agb","status":"publish","type":"page","link":"https:\/\/www.valentina-philippa.com\/de\/agb\/","title":{"rendered":"AGB"},"content":{"rendered":"\n<h1 class=\"wp-block-heading\">AGB<\/h1>\n\n\n\n<h2 class=\"wp-block-heading\">1. Geltung der AGB<\/h2>\n\n\n\n<p>Diese allgemeinen Gesch\u00e4ftsbedingungen gelten f\u00fcr alle Gesch\u00e4ftsbeziehungen zwischen KTG Kaufmann GmbH und Personen (Kunden), welche \u00fcber unseren Online-Shop Waren kaufen.<\/p>\n\n\n\n<p>Kunden im Sinne dieser Gesch\u00e4ftsbedingungen sind Privatpersonen oder Unternehmer, d.h. nat\u00fcrliche und juristische Personen oder rechtsf\u00e4hige Personengesellschaften, die in Aus\u00fcbung ihrer gewerblichen oder selbstst\u00e4ndig beruflichen T\u00e4tigkeit mit uns in eine Gesch\u00e4ftsbeziehung eintreten.<\/p>\n\n\n\n<p>Massgeblich ist jeweils die zum Zeitpunkt des Vertragsschlusses g\u00fcltige Fassung.<\/p>\n\n\n\n<p>Abweichende oder erg\u00e4nzende Allgemeine Gesch\u00e4ftsbedingungen des Kunden werden ausdr\u00fccklich nicht Vertragsinhalt, auch wenn ihnen von uns nicht ausdr\u00fccklich widersprochen wird.<\/p>\n\n\n\n<h2 class=\"wp-block-heading\">2. Vertragsabschluss und Online-Angebote<\/h2>\n\n\n\n<p>Alle unsere Angebote stellen eine unverbindliche Aufforderung an den Kunden dar und sind stets freibleibend, soweit sie nicht als Festangebote bezeichnet sind.<\/p>\n\n\n\n<p>Ein Vertrag \u00fcber Waren dieses Online-Shops kommt zustande, sobald die Bestellung via Bestellbutton an uns \u00fcbermittelt und durch uns per E-Mail an den Kunden r\u00fcckbest\u00e4tigt und damit die Bestellung angenommen wurde.<\/p>\n\n\n\n<p>Wir behalten uns vor, Bestellungen ohne Angabe von Gr\u00fcnden (insbesondere wenn die bestellten Waren nicht vorr\u00e4tig sind) abzulehnen oder mengenm\u00e4ssig zu k\u00fcrzen. Diesfalls wird der Kunde unverz\u00fcglich informiert.<\/p>\n\n\n\n<p>Vor dem Absenden der Bestellung wird dem Kunden die M\u00f6glichkeit gew\u00e4hrt, unsere Gesch\u00e4ftsbedingungen zur Kenntnis zu nehmen. Die Bestellung kann nur abgeschickt werden, wenn die vorliegenden Gesch\u00e4ftsbedingungen akzeptiert werden.<\/p>\n\n\n\n<h2 class=\"wp-block-heading\">3. Preise und Zahlungsmethoden<\/h2>\n\n\n\n<p>Alle auf den Produktseiten genannten Preise verstehen sich inklusive gesetzlich vorgeschriebener Mehrwertsteuer und verstehen sich zzgl. der jeweiligen Versandkosten.<\/p>\n\n\n\n<p>Die Bezahlung der Waren erfolgt mittels Kreditkarte\/Debitkarte (maestro, Mastercard, Visa, American Express), Apple Pay, Sofort\u00fcberweisung, EPS \u00dcberweisung und PayPal. Die bestellte Ware wird erst nach Zahlungseingang an den Kunden versendet.<\/p>\n\n\n\n<h2 class=\"wp-block-heading\">4. Lieferung und Versand<\/h2>\n\n\n\n<p>Die Wahl des Versandweges und der Versandart liegt in unserem Ermessen. Die Lieferung erfolgt durch Sendung ab Lager an die vom Kunden mitgeteilte Lieferadresse in \u00d6sterreich, der EU oder Schweiz sowie Liechtenstein.<\/p>\n\n\n\n<p>Die Liefer- und Zahlungsbedingungen werden direkt bei der Bestellung n\u00e4her ausgewiesen. Die genauen Informationen werden auch auf der Seite <a href=\"https:\/\/www.valentina-philippa.com\/versandarten\/\">Versandkosten und Versandarten<\/a> zusammengefasst.<\/p>\n\n\n\n<p>Es bleibt uns vorbehalten, eine Teillieferung vorzunehmen, sofern dies f\u00fcr eine z\u00fcgige Abwicklung vorteilhaft erscheint. Von unseren Kunden gew\u00fcnschte Sonderversendungsformen werden mit orts\u00fcblichem Zuschlag berechnet.<\/p>\n\n\n\n<p>Es gibt keine Mindestbestellmenge.<\/p>\n\n\n\n<h2 class=\"wp-block-heading\">5. Gew\u00e4hrleistung und Garantiebedingungen<\/h2>\n\n\n\n<p>F\u00fcr Lieferungen an Verbraucher betr\u00e4gt die Gew\u00e4hrleistungsfrist 2 Jahre, f\u00fcr zum gewerblichen Gebrauch eingesetzte Waren 1 Jahr. Innerhalb dieser Fristen werden wir alle M\u00e4ngel, die der gesetzlichen Gew\u00e4hrleistung unterliegen, kostenlos beheben. Ihre M\u00e4ngelanspr\u00fcche sind zun\u00e4chst auf Nacherf\u00fcllung (Reparatur oder Ersatzlieferung) einer mangelfreien Ware beschr\u00e4nkt. Bei Fehlschlagen der Nacherf\u00fcllung k\u00f6nnen Sie nach Ihrer Wahl vom Kaufvertrag zur\u00fccktreten oder Herabsetzung des Kaufpreises verlangen. Eigene oder Garantieerkl\u00e4rungen unserer Lieferanten schr\u00e4nken Ihre gesetzlichen M\u00e4ngelanspr\u00fcche in keinem Fall ein. Ausgenommen von der Gew\u00e4hrleistung bzw. Garantie sind Sch\u00e4den, die auf nat\u00fcrlichen Verschlei\u00df, auf unsachgem\u00e4\u00dfen Gebrauch und auf mangelnde oder falsche Pflege zur\u00fcckzuf\u00fchren sind. Unabh\u00e4ngig von allen gesetzlichen Regelungen werden wir uns immer um eine kulante Regulierung evtl. Sch\u00e4den bem\u00fchen.<\/p>\n\n\n\n<h2 class=\"wp-block-heading\">6. Widerrufsrecht \/ R\u00fcckgaberecht<\/h2>\n\n\n\n<p>Verbrauchern steht grunds\u00e4tzlich ein Widerrufsrecht zu. N\u00e4here Informationen zum Widerrufsrecht ergeben sich aus der <a href=\"https:\/\/www.valentina-philippa.com\/widerrufsbelehrung\/\">Widerrufsbelehrung<\/a> des Verk\u00e4ufers.<\/p>\n\n\n\n<h2 class=\"wp-block-heading\">7. Erf\u00fcllungsort und Gerichtsstand<\/h2>\n\n\n\n<p>Erf\u00fcllungsort f\u00fcr die Zahlung des Kaufpreises sowie f\u00fcr s\u00e4mtliche sonstige Leistungen ist Dornbirn.<\/p>\n\n\n\n<p>F\u00fcr Streitigkeiten jeder Art wir die Zust\u00e4ndigkeit des f\u00fcr 6850 Dornbirn sachlich zust\u00e4ndigen Gerichts ausdr\u00fccklich vereinbart.<\/p>\n\n\n\n<h2 class=\"wp-block-heading\">8. Sonstiges<\/h2>\n\n\n\n<p>Sollten eine oder mehrere Klauseln dieser AGB unwirksam sein, so zieht dies nicht die Unwirksamkeit des gesamten Vertrages nach sich. Die unwirksame Regelung wird durch die einschl\u00e4gige gesetzliche Vorschrift ersetzt.<\/p>\n","protected":false},"excerpt":{"rendered":"<p>AGB 1. Geltung der AGB Diese allgemeinen Gesch\u00e4ftsbedingungen gelten f\u00fcr alle Gesch\u00e4ftsbeziehungen zwischen KTG Kaufmann GmbH und Personen (Kunden), welche \u00fcber unseren Online-Shop Waren kaufen. Kunden im Sinne dieser Gesch\u00e4ftsbedingungen sind Privatpersonen oder Unternehmer, d.h. nat\u00fcrliche und juristische Personen oder rechtsf\u00e4hige Personengesellschaften, die in Aus\u00fcbung ihrer gewerblichen oder selbstst\u00e4ndig beruflichen T\u00e4tigkeit mit uns in eine [&hellip;]<\/p>\n","protected":false},"author":1,"featured_media":0,"parent":0,"menu_order":0,"comment_status":"closed","ping_status":"closed","template":"","meta":{"_seopress_robots_primary_cat":"","_seopress_titles_title":"","_seopress_titles_desc":"","_seopress_robots_index":"yes","site-sidebar-layout":"default","site-content-layout":"boxed-container","ast-site-content-layout":"default","site-content-style":"default","site-sidebar-style":"default","ast-global-header-display":"","ast-banner-title-visibility":"","ast-main-header-display":"","ast-hfb-above-header-display":"","ast-hfb-below-header-display":"","ast-hfb-mobile-header-display":"","site-post-title":"disabled","ast-breadcrumbs-content":"","ast-featured-img":"","footer-sml-layout":"","ast-disable-related-posts":"","theme-transparent-header-meta":"default","adv-header-id-meta":"","stick-header-meta":"default","header-above-stick-meta":"","header-main-stick-meta":"","header-below-stick-meta":"","astra-migrate-meta-layouts":"default","ast-page-background-enabled":"default","ast-page-background-meta":{"desktop":{"background-color":"","background-image":"","background-repeat":"repeat","background-position":"center center","background-size":"auto","background-attachment":"scroll","background-type":"","background-media":"","overlay-type":"","overlay-color":"","overlay-opacity":"","overlay-gradient":""},"tablet":{"background-color":"","background-image":"","background-repeat":"repeat","background-position":"center center","background-size":"auto","background-attachment":"scroll","background-type":"","background-media":"","overlay-type":"","overlay-color":"","overlay-opacity":"","overlay-gradient":""},"mobile":{"background-color":"","background-image":"","background-repeat":"repeat","background-position":"center center","background-size":"auto","background-attachment":"scroll","background-type":"","background-media":"","overlay-type":"","overlay-color":"","overlay-opacity":"","overlay-gradient":""}},"ast-content-background-meta":{"desktop":{"background-color":"var(--ast-global-color-5)","background-image":"","background-repeat":"repeat","background-position":"center center","background-size":"auto","background-attachment":"scroll","background-type":"","background-media":"","overlay-type":"","overlay-color":"","overlay-opacity":"","overlay-gradient":""},"tablet":{"background-color":"var(--ast-global-color-5)","background-image":"","background-repeat":"repeat","background-position":"center center","background-size":"auto","background-attachment":"scroll","background-type":"","background-media":"","overlay-type":"","overlay-color":"","overlay-opacity":"","overlay-gradient":""},"mobile":{"background-color":"var(--ast-global-color-5)","background-image":"","background-repeat":"repeat","background-position":"center center","background-size":"auto","background-attachment":"scroll","background-type":"","background-media":"","overlay-type":"","overlay-color":"","overlay-opacity":"","overlay-gradient":""}},"footnotes":""},"class_list":["post-15","page","type-page","status-publish","hentry"],"_links":{"self":[{"href":"https:\/\/www.valentina-philippa.com\/de\/wp-json\/wp\/v2\/pages\/15","targetHints":{"allow":["GET"]}}],"collection":[{"href":"https:\/\/www.valentina-philippa.com\/de\/wp-json\/wp\/v2\/pages"}],"about":[{"href":"https:\/\/www.valentina-philippa.com\/de\/wp-json\/wp\/v2\/types\/page"}],"author":[{"embeddable":true,"href":"https:\/\/www.valentina-philippa.com\/de\/wp-json\/wp\/v2\/users\/1"}],"replies":[{"embeddable":true,"href":"https:\/\/www.valentina-philippa.com\/de\/wp-json\/wp\/v2\/comments?post=15"}],"version-history":[{"count":0,"href":"https:\/\/www.valentina-philippa.com\/de\/wp-json\/wp\/v2\/pages\/15\/revisions"}],"wp:attachment":[{"href":"https:\/\/www.valentina-philippa.com\/de\/wp-json\/wp\/v2\/media?parent=15"}],"curies":[{"name":"wp","href":"https:\/\/api.w.org\/{rel}","templated":true}]}}